{"id":3,"date":"2024-03-16T15:23:02","date_gmt":"2024-03-16T15:23:02","guid":{"rendered":"https:\/\/delphinidaeadjuster.com\/?page_id=3"},"modified":"2024-07-15T20:03:48","modified_gmt":"2024-07-15T20:03:48","slug":"politicas-de-privacidad","status":"publish","type":"page","link":"https:\/\/delphinidaeadjuster.com\/en\/politicas-de-privacidad\/","title":{"rendered":"Privacy Policy"},"content":{"rendered":"<div data-elementor-type=\"wp-page\" data-elementor-id=\"3\" class=\"elementor elementor-3\" data-elementor-post-type=\"page\">\n\t\t\t\t\t\t<section class=\"elementor-section elementor-top-section elementor-element elementor-element-ce7f69b elementor-section-boxed elementor-section-height-default elementor-section-height-default\" data-id=\"ce7f69b\" data-element_type=\"section\" data-e-type=\"section\">\n\t\t\t\t\t\t\t<div class=\"elementor-background-overlay\"><\/div>\n\t\t\t\t\t\t\t<div class=\"elementor-container elementor-column-gap-default\">\n\t\t\t\t\t<div class=\"elementor-column elementor-col-100 elementor-top-column elementor-element elementor-element-dcb9270\" data-id=\"dcb9270\" data-element_type=\"column\" data-e-type=\"column\">\n\t\t\t<div class=\"elementor-widget-wrap elementor-element-populated\">\n\t\t\t\t\t\t<div class=\"elementor-element elementor-element-8f491b3 elementor-widget elementor-widget-heading\" data-id=\"8f491b3\" data-element_type=\"widget\" data-e-type=\"widget\" data-widget_type=\"heading.default\">\n\t\t\t\t<div class=\"elementor-widget-container\">\n\t\t\t\t\t<h1 class=\"elementor-heading-title elementor-size-default\">POL\u00cdTICAS DE PRIVACIDAD<\/h1>\t\t\t\t<\/div>\n\t\t\t\t<\/div>\n\t\t\t\t\t<\/div>\n\t\t<\/div>\n\t\t\t\t\t<\/div>\n\t\t<\/section>\n\t\t<div class=\"elementor-element elementor-element-7797692c e-flex e-con-boxed e-con e-parent\" data-id=\"7797692c\" data-element_type=\"container\" data-e-type=\"container\">\n\t\t\t\t\t<div class=\"e-con-inner\">\n\t\t\t\t<div class=\"elementor-element elementor-element-4a040ffb elementor-widget elementor-widget-text-editor\" data-id=\"4a040ffb\" data-element_type=\"widget\" data-e-type=\"widget\" data-widget_type=\"text-editor.default\">\n\t\t\t\t<div class=\"elementor-widget-container\">\n\t\t\t\t\t\t\t\t\t<h3><strong><span style=\"color: #003300;\">1. Introducci\u00f3n<\/span><\/strong><\/h3><p>Bienvenido a Delphinidae Adjuster. Respetamos su privacidad y nos comprometemos a proteger la informaci\u00f3n personal que nos proporcione a trav\u00e9s de nuestro sitio web. Esta Pol\u00edtica de Privacidad describe c\u00f3mo recopilamos, utilizamos y compartimos su informaci\u00f3n personal.<\/p><h3>\u00a0<\/h3><h3><strong>2. Informaci\u00f3n que Recopilamos<\/strong><\/h3><p><strong>Informaci\u00f3n Personal:<\/strong><\/p><ul><li>Name<\/li><li>Direcci\u00f3n de correo electr\u00f3nico<\/li><li>N\u00famero de tel\u00e9fono<\/li><li>Direcci\u00f3n postal<\/li><\/ul><p><strong>Informaci\u00f3n No Personal:<\/strong><\/p><ul><li>Informaci\u00f3n del navegador y del dispositivo<\/li><li>Datos de uso del sitio web<\/li><\/ul><h3>\u00a0<\/h3><h3><strong>3. C\u00f3mo Utilizamos su Informaci\u00f3n<\/strong><\/h3><p>Utilizamos la informaci\u00f3n que recopilamos para:<\/p><ul><li>Proveer y mejorar nuestros servicios<\/li><li>Comunicarnos con usted<\/li><li>Procesar transacciones y enviar notificaciones relacionadas<\/li><li>Cumplir con las obligaciones legales<\/li><\/ul><h3>\u00a0<\/h3><h3><strong>4. Compartir su Informaci\u00f3n<\/strong><\/h3><p>No vendemos ni alquilamos su informaci\u00f3n personal a terceros. Podemos compartir su informaci\u00f3n con terceros solo en las siguientes circunstancias:<\/p><ul><li>Con proveedores de servicios que trabajan en nuestro nombre<\/li><li>Para cumplir con la ley, una orden judicial o un proceso legal<\/li><li>Para proteger los derechos, propiedad o seguridad de Delphinidae Adjuster, nuestros clientes u otros<\/li><\/ul><h3>\u00a0<\/h3><h3><strong>5. Seguridad de la Informaci\u00f3n<\/strong><\/h3><p>Implementamos medidas de seguridad t\u00e9cnicas y organizativas adecuadas para proteger su informaci\u00f3n personal contra el acceso no autorizado, la p\u00e9rdida, el uso indebido y la alteraci\u00f3n.<\/p><h3>\u00a0<\/h3><h3><strong>6. Sus Derechos<\/strong><\/h3><p>Usted tiene derecho a:<\/p><ul><li>Acceder a su informaci\u00f3n personal<\/li><li>Solicitar la correcci\u00f3n de cualquier informaci\u00f3n incorrecta<\/li><li>Solicitar la eliminaci\u00f3n de su informaci\u00f3n personal<\/li><li>Retirar su consentimiento para el procesamiento de su informaci\u00f3n personal<\/li><\/ul><p>Para ejercer estos derechos, comun\u00edquese con nosotros a <a rel=\"noreferrer\">info@delphinidaeadjuster.com<\/a>.<\/p><h3>\u00a0<\/h3><h3><strong>7. Cambios a esta Pol\u00edtica de Privacidad<\/strong><\/h3><p>Podemos actualizar esta Pol\u00edtica de Privacidad peri\u00f3dicamente. Publicaremos cualquier cambio en esta p\u00e1gina y le notificaremos por correo electr\u00f3nico si los cambios son significativos.<\/p><h3>\u00a0<\/h3><h3><span style=\"color: #003300;\"><strong>8. Contacto<\/strong><\/span><\/h3><p>Si tiene alguna pregunta o inquietud sobre esta Pol\u00edtica de Privacidad, comun\u00edquese con nosotros:<\/p><p><strong>Delphinidae Adjuster<\/strong><br \/>Denver, Colorado, Estados Unidos<br \/>Correo electr\u00f3nico: <a rel=\"noreferrer\">info@delphinidaeadjuster.com<\/a><\/p>\t\t\t\t\t\t\t\t<\/div>\n\t\t\t\t<\/div>\n\t\t\t\t\t<\/div>\n\t\t\t\t<\/div>\n\t\t\t\t<\/div>","protected":false},"excerpt":{"rendered":"<p>POL\u00cdTICAS DE PRIVACIDAD 1. Introducci\u00f3n Bienvenido a Delphinidae Adjuster. Respetamos su privacidad y nos comprometemos a proteger la informaci\u00f3n personal que nos proporcione a trav\u00e9s de nuestro sitio web. Esta Pol\u00edtica de Privacidad describe c\u00f3mo recopilamos, utilizamos y compartimos su informaci\u00f3n personal. \u00a0 2. Informaci\u00f3n que Recopilamos Informaci\u00f3n Personal: Nombre Direcci\u00f3n de correo electr\u00f3nico N\u00famero [&hellip;]<\/p>","protected":false},"author":1,"featured_media":0,"parent":0,"menu_order":0,"comment_status":"closed","ping_status":"closed","template":"","meta":{"footnotes":""},"class_list":["post-3","page","type-page","status-publish","hentry"],"_links":{"self":[{"href":"https:\/\/delphinidaeadjuster.com\/en\/wp-json\/wp\/v2\/pages\/3","targetHints":{"allow":["GET"]}}],"collection":[{"href":"https:\/\/delphinidaeadjuster.com\/en\/wp-json\/wp\/v2\/pages"}],"about":[{"href":"https:\/\/delphinidaeadjuster.com\/en\/wp-json\/wp\/v2\/types\/page"}],"author":[{"embeddable":true,"href":"https:\/\/delphinidaeadjuster.com\/en\/wp-json\/wp\/v2\/users\/1"}],"replies":[{"embeddable":true,"href":"https:\/\/delphinidaeadjuster.com\/en\/wp-json\/wp\/v2\/comments?post=3"}],"version-history":[{"count":25,"href":"https:\/\/delphinidaeadjuster.com\/en\/wp-json\/wp\/v2\/pages\/3\/revisions"}],"predecessor-version":[{"id":1873,"href":"https:\/\/delphinidaeadjuster.com\/en\/wp-json\/wp\/v2\/pages\/3\/revisions\/1873"}],"wp:attachment":[{"href":"https:\/\/delphinidaeadjuster.com\/en\/wp-json\/wp\/v2\/media?parent=3"}],"curies":[{"name":"wp","href":"https:\/\/api.w.org\/{rel}","templated":true}]}}