{"id":1882,"date":"2024-07-15T20:12:05","date_gmt":"2024-07-15T20:12:05","guid":{"rendered":"https:\/\/delphinidaeadjuster.com\/?page_id=1882"},"modified":"2024-07-15T20:14:37","modified_gmt":"2024-07-15T20:14:37","slug":"politicas-de-cumplimiento","status":"publish","type":"page","link":"https:\/\/delphinidaeadjuster.com\/en\/politicas-de-cumplimiento\/","title":{"rendered":"Compliance Policies"},"content":{"rendered":"<div data-elementor-type=\"wp-page\" data-elementor-id=\"1882\" class=\"elementor elementor-1882\" data-elementor-post-type=\"page\">\n\t\t\t\t\t\t<section class=\"elementor-section elementor-top-section elementor-element elementor-element-ce7f69b elementor-section-boxed elementor-section-height-default elementor-section-height-default\" data-id=\"ce7f69b\" data-element_type=\"section\" data-e-type=\"section\">\n\t\t\t\t\t\t\t<div class=\"elementor-background-overlay\"><\/div>\n\t\t\t\t\t\t\t<div class=\"elementor-container elementor-column-gap-default\">\n\t\t\t\t\t<div class=\"elementor-column elementor-col-100 elementor-top-column elementor-element elementor-element-dcb9270\" data-id=\"dcb9270\" data-element_type=\"column\" data-e-type=\"column\">\n\t\t\t<div class=\"elementor-widget-wrap elementor-element-populated\">\n\t\t\t\t\t\t<div class=\"elementor-element elementor-element-8f491b3 elementor-widget elementor-widget-heading\" data-id=\"8f491b3\" data-element_type=\"widget\" data-e-type=\"widget\" data-widget_type=\"heading.default\">\n\t\t\t\t<div class=\"elementor-widget-container\">\n\t\t\t\t\t<h1 class=\"elementor-heading-title elementor-size-default\">POL\u00cdTICAS DE CUMPLIMIENTO<\/h1>\t\t\t\t<\/div>\n\t\t\t\t<\/div>\n\t\t\t\t\t<\/div>\n\t\t<\/div>\n\t\t\t\t\t<\/div>\n\t\t<\/section>\n\t\t<div class=\"elementor-element elementor-element-7797692c e-flex e-con-boxed e-con e-parent\" data-id=\"7797692c\" data-element_type=\"container\" data-e-type=\"container\">\n\t\t\t\t\t<div class=\"e-con-inner\">\n\t\t\t\t<div class=\"elementor-element elementor-element-4a040ffb elementor-widget elementor-widget-text-editor\" data-id=\"4a040ffb\" data-element_type=\"widget\" data-e-type=\"widget\" data-widget_type=\"text-editor.default\">\n\t\t\t\t<div class=\"elementor-widget-container\">\n\t\t\t\t\t\t\t\t\t<h3><strong>Introducci\u00f3n<\/strong><\/h3><p>En Delphinidae Adjuster, nos comprometemos a mantener los m\u00e1s altos est\u00e1ndares de integridad y cumplimiento en todas nuestras operaciones. Estas pol\u00edticas de cumplimiento est\u00e1n dise\u00f1adas para asegurar que nuestras pr\u00e1cticas comerciales sean transparentes, \u00e9ticas y en conformidad con todas las leyes y regulaciones aplicables.<\/p><h3>\u00a0<\/h3><h3><strong>1. C\u00f3digo de Conducta y \u00c9tica<\/strong><\/h3><p>Todos los empleados de Delphinidae Adjuster deben adherirse a nuestro C\u00f3digo de Conducta y \u00c9tica, que establece los principios de honestidad, integridad y trato justo. Nos comprometemos a:<\/p><ul><li>Actuar con honestidad y transparencia en todas nuestras interacciones.<\/li><li>Respetar la confidencialidad de la informaci\u00f3n de nuestros clientes.<\/li><li>Cumplir con todas las leyes y regulaciones aplicables.<\/li><\/ul><h3>\u00a0<\/h3><h3><strong>2. Cumplimiento Regulatorio<\/strong><\/h3><p>Cumplimos estrictamente con todas las leyes y regulaciones que rigen nuestra industria, incluyendo:<\/p><ul><li>Normativas estatales y federales aplicables a los ajustadores p\u00fablicos.<\/li><li>Requisitos de licenciamiento y certificaci\u00f3n.<\/li><li>Regulaciones de seguros y pr\u00e1cticas comerciales justas.<\/li><\/ul><h3>\u00a0<\/h3><h3><strong>3. Confidencialidad y Protecci\u00f3n de Datos<\/strong><\/h3><p>Protegemos la informaci\u00f3n personal y confidencial de nuestros clientes mediante la implementaci\u00f3n de medidas de seguridad adecuadas. Esto incluye:<\/p><ul><li>Recopilaci\u00f3n y uso de datos conforme a las leyes de protecci\u00f3n de datos.<\/li><li>Almacenamiento seguro de la informaci\u00f3n personal.<\/li><li>Acceso restringido a la informaci\u00f3n confidencial solo a personal autorizado.<\/li><\/ul><h3>\u00a0<\/h3><h3><strong>4. Pol\u00edtica de Anti-Corrupci\u00f3n y Anti-Soborno<\/strong><\/h3><p>Prohibimos cualquier forma de soborno o corrupci\u00f3n. Todos los empleados y asociados deben:<\/p><ul><li>No ofrecer, prometer, dar, aceptar o solicitar sobornos.<\/li><li>Reportar cualquier intento de soborno o corrupci\u00f3n.<\/li><li>Cumplir con todas las leyes anti-corrupci\u00f3n aplicables.<\/li><\/ul><h3>\u00a0<\/h3><h3><strong>5. Denuncias y Protecci\u00f3n del Denunciante<\/strong><\/h3><p>Fomentamos un entorno en el que los empleados pueden reportar conductas inapropiadas o ilegales sin temor a represalias. Nuestra pol\u00edtica incluye:<\/p><ul><li>Procedimientos seguros y confidenciales para reportar denuncias.<\/li><li>Protecci\u00f3n contra represalias para los denunciantes de buena fe.<\/li><li>Investigaci\u00f3n y resoluci\u00f3n justa de todas las denuncias.<\/li><\/ul><h3>\u00a0<\/h3><h3><strong>6. Capacitaci\u00f3n y Desarrollo<\/strong><\/h3><p>Proporcionamos programas de capacitaci\u00f3n continua para asegurar que todos los empleados est\u00e9n al tanto de nuestras pol\u00edticas de cumplimiento y las regulaciones aplicables. Esto incluye:<\/p><ul><li>Sesiones de capacitaci\u00f3n inicial para nuevos empleados.<\/li><li>Actualizaciones peri\u00f3dicas sobre cambios en las leyes y regulaciones.<\/li><li>Evaluaciones regulares para asegurar la comprensi\u00f3n y cumplimiento.<\/li><\/ul><h3>\u00a0<\/h3><h3><strong>7. Monitoreo y Auditor\u00eda<\/strong><\/h3><p>Realizamos monitoreos y auditor\u00edas peri\u00f3dicas para asegurar el cumplimiento continuo de nuestras pol\u00edticas. Esto incluye:<\/p><ul><li>Revisi\u00f3n regular de nuestras pr\u00e1cticas y procedimientos.<\/li><li>Auditor\u00edas internas y externas para evaluar el cumplimiento.<\/li><li>Implementaci\u00f3n de mejoras basadas en los resultados de las auditor\u00edas.<\/li><\/ul><h3>\u00a0<\/h3><h3><strong>Contacto<\/strong><\/h3><p>Si tiene alguna pregunta sobre nuestras pol\u00edticas de cumplimiento o desea reportar una posible violaci\u00f3n, comun\u00edquese con nosotros en:<\/p><p><strong>Delphinidae Adjuster<\/strong><br \/>Denver, Colorado, Estados Unidos<br \/>Correo electr\u00f3nico: <a rel=\"noreferrer\">info@delphinidaeadjuster.com<\/a><\/p>\t\t\t\t\t\t\t\t<\/div>\n\t\t\t\t<\/div>\n\t\t\t\t\t<\/div>\n\t\t\t\t<\/div>\n\t\t\t\t<\/div>","protected":false},"excerpt":{"rendered":"<p>POL\u00cdTICAS DE CUMPLIMIENTO Introducci\u00f3n En Delphinidae Adjuster, nos comprometemos a mantener los m\u00e1s altos est\u00e1ndares de integridad y cumplimiento en todas nuestras operaciones. Estas pol\u00edticas de cumplimiento est\u00e1n dise\u00f1adas para asegurar que nuestras pr\u00e1cticas comerciales sean transparentes, \u00e9ticas y en conformidad con todas las leyes y regulaciones aplicables. \u00a0 1. C\u00f3digo de Conducta y \u00c9tica [&hellip;]<\/p>","protected":false},"author":1,"featured_media":0,"parent":0,"menu_order":0,"comment_status":"closed","ping_status":"closed","template":"","meta":{"footnotes":""},"class_list":["post-1882","page","type-page","status-publish","hentry"],"_links":{"self":[{"href":"https:\/\/delphinidaeadjuster.com\/en\/wp-json\/wp\/v2\/pages\/1882","targetHints":{"allow":["GET"]}}],"collection":[{"href":"https:\/\/delphinidaeadjuster.com\/en\/wp-json\/wp\/v2\/pages"}],"about":[{"href":"https:\/\/delphinidaeadjuster.com\/en\/wp-json\/wp\/v2\/types\/page"}],"author":[{"embeddable":true,"href":"https:\/\/delphinidaeadjuster.com\/en\/wp-json\/wp\/v2\/users\/1"}],"replies":[{"embeddable":true,"href":"https:\/\/delphinidaeadjuster.com\/en\/wp-json\/wp\/v2\/comments?post=1882"}],"version-history":[{"count":7,"href":"https:\/\/delphinidaeadjuster.com\/en\/wp-json\/wp\/v2\/pages\/1882\/revisions"}],"predecessor-version":[{"id":1889,"href":"https:\/\/delphinidaeadjuster.com\/en\/wp-json\/wp\/v2\/pages\/1882\/revisions\/1889"}],"wp:attachment":[{"href":"https:\/\/delphinidaeadjuster.com\/en\/wp-json\/wp\/v2\/media?parent=1882"}],"curies":[{"name":"wp","href":"https:\/\/api.w.org\/{rel}","templated":true}]}}