{"id":1872,"date":"2024-07-15T20:04:06","date_gmt":"2024-07-15T20:04:06","guid":{"rendered":"https:\/\/delphinidaeadjuster.com\/?page_id=1872"},"modified":"2024-07-15T20:07:22","modified_gmt":"2024-07-15T20:07:22","slug":"terminos-de-servicio","status":"publish","type":"page","link":"https:\/\/delphinidaeadjuster.com\/en\/terminos-de-servicio\/","title":{"rendered":"Terms of Service"},"content":{"rendered":"<div data-elementor-type=\"wp-page\" data-elementor-id=\"1872\" class=\"elementor elementor-1872\" data-elementor-post-type=\"page\">\n\t\t\t\t\t\t<section class=\"elementor-section elementor-top-section elementor-element elementor-element-ce7f69b elementor-section-boxed elementor-section-height-default elementor-section-height-default\" data-id=\"ce7f69b\" data-element_type=\"section\" data-e-type=\"section\">\n\t\t\t\t\t\t\t<div class=\"elementor-background-overlay\"><\/div>\n\t\t\t\t\t\t\t<div class=\"elementor-container elementor-column-gap-default\">\n\t\t\t\t\t<div class=\"elementor-column elementor-col-100 elementor-top-column elementor-element elementor-element-dcb9270\" data-id=\"dcb9270\" data-element_type=\"column\" data-e-type=\"column\">\n\t\t\t<div class=\"elementor-widget-wrap elementor-element-populated\">\n\t\t\t\t\t\t<div class=\"elementor-element elementor-element-8f491b3 elementor-widget elementor-widget-heading\" data-id=\"8f491b3\" data-element_type=\"widget\" data-e-type=\"widget\" data-widget_type=\"heading.default\">\n\t\t\t\t<div class=\"elementor-widget-container\">\n\t\t\t\t\t<h1 class=\"elementor-heading-title elementor-size-default\">T\u00c9RMINOS DE SERVICIO<\/h1>\t\t\t\t<\/div>\n\t\t\t\t<\/div>\n\t\t\t\t\t<\/div>\n\t\t<\/div>\n\t\t\t\t\t<\/div>\n\t\t<\/section>\n\t\t<div class=\"elementor-element elementor-element-7797692c e-flex e-con-boxed e-con e-parent\" data-id=\"7797692c\" data-element_type=\"container\" data-e-type=\"container\">\n\t\t\t\t\t<div class=\"e-con-inner\">\n\t\t\t\t<div class=\"elementor-element elementor-element-4a040ffb elementor-widget elementor-widget-text-editor\" data-id=\"4a040ffb\" data-element_type=\"widget\" data-e-type=\"widget\" data-widget_type=\"text-editor.default\">\n\t\t\t\t<div class=\"elementor-widget-container\">\n\t\t\t\t\t\t\t\t\t<h3><strong>1. Aceptaci\u00f3n de los T\u00e9rminos<\/strong><\/h3><p>Al acceder y usar el sitio web de Delphinidae Adjuster (en adelante, \u00abnosotros\u00bb o \u00abnuestro\u00bb), usted acepta cumplir y estar sujeto a los siguientes t\u00e9rminos y condiciones (en adelante, \u00abT\u00e9rminos de Servicio\u00bb o \u00abT\u00e9rminos\u00bb). Si no est\u00e1 de acuerdo con estos T\u00e9rminos, no utilice nuestro sitio web.<\/p><h3>\u00a0<\/h3><h3><strong>2. Descripci\u00f3n del Servicio<\/strong><\/h3><p>Delphinidae Adjuster proporciona servicios de ajustadores p\u00fablicos para ayudar a las personas a gestionar y reclamar seguros. Nuestra oficina est\u00e1 ubicada en Denver, Colorado, Estados Unidos. Puede contactarnos en <a rel=\"noreferrer\">info@delphinidaeadjuster.com<\/a> para m\u00e1s informaci\u00f3n.<\/p><h3>\u00a0<\/h3><h3><strong>3. Uso del Sitio Web<\/strong><\/h3><p><strong>Elegibilidad:<\/strong> Debe tener al menos 18 a\u00f1os para utilizar nuestro sitio web y servicios.<\/p><p><strong>Cuenta de Usuario:<\/strong> Algunas \u00e1reas de nuestro sitio web pueden requerir la creaci\u00f3n de una cuenta. Usted es responsable de mantener la confidencialidad de su informaci\u00f3n de cuenta y contrase\u00f1a y acepta notificar a Delphinidae Adjuster de inmediato sobre cualquier uso no autorizado de su cuenta.<\/p><p><strong>Conducta del Usuario:<\/strong> Usted acepta usar nuestro sitio web solo con fines legales y de acuerdo con estos T\u00e9rminos. Est\u00e1 prohibido utilizar el sitio web para:<\/p><ul><li>Cargar o transmitir contenido ilegal, ofensivo, difamatorio o que infrinja los derechos de terceros.<\/li><li>Interferir con la seguridad, operaci\u00f3n o funcionalidad del sitio web.<\/li><\/ul><h3>\u00a0<\/h3><h3><strong>4. Propiedad Intelectual<\/strong><\/h3><p>Todo el contenido, caracter\u00edsticas y funcionalidad del sitio web (incluidos, entre otros, textos, gr\u00e1ficos, logotipos, im\u00e1genes y software) son propiedad de Delphinidae Adjuster y est\u00e1n protegidos por leyes de derechos de autor, marcas registradas y otras leyes de propiedad intelectual.<\/p><h3>\u00a0<\/h3><h3><strong>5. Limitaci\u00f3n de Responsabilidad<\/strong><\/h3><p>En la medida m\u00e1xima permitida por la ley, Delphinidae Adjuster no ser\u00e1 responsable de ning\u00fan da\u00f1o directo, indirecto, incidental, especial o consecuente que surja de o en relaci\u00f3n con el uso o la imposibilidad de uso del sitio web o los servicios.<\/p><h3>\u00a0<\/h3><h3><strong>6. Modificaciones de los T\u00e9rminos<\/strong><\/h3><p>Nos reservamos el derecho de modificar estos T\u00e9rminos en cualquier momento. Publicaremos los cambios en esta p\u00e1gina y actualizaremos la fecha de \u00ab\u00daltima actualizaci\u00f3n\u00bb en la parte superior de los T\u00e9rminos. Su uso continuado del sitio web despu\u00e9s de tales cambios constituye su aceptaci\u00f3n de los nuevos T\u00e9rminos.<\/p><h3>\u00a0<\/h3><h3><strong>7. Terminaci\u00f3n<\/strong><\/h3><p>Podemos suspender o terminar su acceso al sitio web y los servicios en cualquier momento, sin previo aviso y a nuestra entera discreci\u00f3n, por cualquier motivo, incluyendo si creemos que ha violado estos T\u00e9rminos.<\/p><h3>\u00a0<\/h3><h3><strong>8. Ley Aplicable<\/strong><\/h3><p>Estos T\u00e9rminos se regir\u00e1n e interpretar\u00e1n de acuerdo con las leyes del Estado de Colorado, sin tener en cuenta sus disposiciones sobre conflictos de leyes.<\/p><h3>\u00a0<\/h3><h3><strong>9. Contacto<\/strong><\/h3><p>Si tiene alguna pregunta sobre estos T\u00e9rminos, comun\u00edquese con nosotros en:<\/p><p><strong>Delphinidae Adjuster<\/strong><br \/>Denver, Colorado, Estados Unidos<br \/>Correo electr\u00f3nico: <a rel=\"noreferrer\">info@delphinidaeadjuster.com<\/a><\/p>\t\t\t\t\t\t\t\t<\/div>\n\t\t\t\t<\/div>\n\t\t\t\t\t<\/div>\n\t\t\t\t<\/div>\n\t\t\t\t<\/div>","protected":false},"excerpt":{"rendered":"<p>T\u00c9RMINOS DE SERVICIO 1. Aceptaci\u00f3n de los T\u00e9rminos Al acceder y usar el sitio web de Delphinidae Adjuster (en adelante, \u00abnosotros\u00bb o \u00abnuestro\u00bb), usted acepta cumplir y estar sujeto a los siguientes t\u00e9rminos y condiciones (en adelante, \u00abT\u00e9rminos de Servicio\u00bb o \u00abT\u00e9rminos\u00bb). Si no est\u00e1 de acuerdo con estos T\u00e9rminos, no utilice nuestro sitio web. [&hellip;]<\/p>","protected":false},"author":1,"featured_media":0,"parent":0,"menu_order":0,"comment_status":"closed","ping_status":"closed","template":"","meta":{"footnotes":""},"class_list":["post-1872","page","type-page","status-publish","hentry"],"_links":{"self":[{"href":"https:\/\/delphinidaeadjuster.com\/en\/wp-json\/wp\/v2\/pages\/1872","targetHints":{"allow":["GET"]}}],"collection":[{"href":"https:\/\/delphinidaeadjuster.com\/en\/wp-json\/wp\/v2\/pages"}],"about":[{"href":"https:\/\/delphinidaeadjuster.com\/en\/wp-json\/wp\/v2\/types\/page"}],"author":[{"embeddable":true,"href":"https:\/\/delphinidaeadjuster.com\/en\/wp-json\/wp\/v2\/users\/1"}],"replies":[{"embeddable":true,"href":"https:\/\/delphinidaeadjuster.com\/en\/wp-json\/wp\/v2\/comments?post=1872"}],"version-history":[{"count":7,"href":"https:\/\/delphinidaeadjuster.com\/en\/wp-json\/wp\/v2\/pages\/1872\/revisions"}],"predecessor-version":[{"id":1880,"href":"https:\/\/delphinidaeadjuster.com\/en\/wp-json\/wp\/v2\/pages\/1872\/revisions\/1880"}],"wp:attachment":[{"href":"https:\/\/delphinidaeadjuster.com\/en\/wp-json\/wp\/v2\/media?parent=1872"}],"curies":[{"name":"wp","href":"https:\/\/api.w.org\/{rel}","templated":true}]}}